{"id":398,"date":"2014-07-15T19:42:19","date_gmt":"2014-07-15T17:42:19","guid":{"rendered":"http:\/\/www.gudahagen.se\/?page_id=398"},"modified":"2026-02-15T19:58:15","modified_gmt":"2026-02-15T18:58:15","slug":"foreningsmedlem","status":"publish","type":"page","link":"https:\/\/www.gudahagen.se\/?page_id=398","title":{"rendered":"F\u00f6reningsmedlem 2026"},"content":{"rendered":"<p>Varmt v\u00e4lkommen som medlem i Gudahagens fornf\u00f6rening<\/p>\n<p>Gudahagen \u00e4r en plats med djupa r\u00f6tter, ber\u00e4ttelser och minnen \u2013 och med ditt medlemskap \u00e4r du med och hj\u00e4lper oss att bevara och levandeg\u00f6ra denna unika kulturmilj\u00f6 f\u00f6r b\u00e5de nutid och framtida generationer.<\/p>\n<p>Som medlem i Gudahagens fornf\u00f6rening blir du en del av v\u00e5r gemenskap. Du f\u00e5r inbjudningar till medlemsm\u00f6ten, tr\u00e4ffar och utflykter, och m\u00f6jlighet att tillsammans med andra engagerade m\u00e4nniskor dela intresset f\u00f6r historia. Allt v\u00e5rt arbete bygger p\u00e5 ideellt engagemang och k\u00e4rleken till platsen.<\/p>\n<p><strong><\/strong><\/p>\n<hr \/>\n<p><strong>Medlemsavgiften \u00e4r:<\/strong><\/p>\n<p><strong>75kr f\u00f6r enskild medlem<\/strong><\/p>\n<p><strong>150kr f\u00f6r familj<\/strong><\/p>\n<p>F\u00f6r att bli medlem, skicka dina kontaktuppgifter \u2013 namn, telefonnummer, adress och e-postadress<\/p>\n<p>kassor@gudahagen.se<\/p>\n<p>Om ni blir medlemmar som familj, vill vi att du anger alla namn p\u00e5 de familjemedlemmar som ska ing\u00e5 i medlemskapet.<\/p>\n<p>Betala d\u00e4refter medlemsavgiften (enskild eller familj) till<\/p>\n<p>BG 251-5195<\/p>\n<p>eller via<\/p>\n<p>Swish 123 215 68 00.<\/p>\n<p>Tack f\u00f6r att du vill vara med och ta ansvar f\u00f6r Gudahagen \u2013 tillsammans h\u00e5ller vi historien levande \ud83c\udf3f<\/p>\n","protected":false},"excerpt":{"rendered":"<p>Varmt v\u00e4lkommen som medlem i Gudahagens fornf\u00f6rening Gudahagen \u00e4r en plats med djupa r\u00f6tter, ber\u00e4ttelser och minnen \u2013 och med ditt medlemskap \u00e4r du med och hj\u00e4lper oss att bevara och levandeg\u00f6ra denna unika kulturmilj\u00f6 f\u00f6r b\u00e5de nutid och framtida &hellip; <a href=\"https:\/\/www.gudahagen.se\/?page_id=398\">Forts\u00e4tt l\u00e4sa <span class=\"meta-nav\">&rarr;<\/span><\/a><\/p>\n","protected":false},"author":2,"featured_media":0,"parent":0,"menu_order":5,"comment_status":"closed","ping_status":"closed","template":"","meta":{"ngg_post_thumbnail":0,"footnotes":""},"class_list":["post-398","page","type-page","status-publish","hentry"],"_links":{"self":[{"href":"https:\/\/www.gudahagen.se\/index.php?rest_route=\/wp\/v2\/pages\/398","targetHints":{"allow":["GET"]}}],"collection":[{"href":"https:\/\/www.gudahagen.se\/index.php?rest_route=\/wp\/v2\/pages"}],"about":[{"href":"https:\/\/www.gudahagen.se\/index.php?rest_route=\/wp\/v2\/types\/page"}],"author":[{"embeddable":true,"href":"https:\/\/www.gudahagen.se\/index.php?rest_route=\/wp\/v2\/users\/2"}],"replies":[{"embeddable":true,"href":"https:\/\/www.gudahagen.se\/index.php?rest_route=%2Fwp%2Fv2%2Fcomments&post=398"}],"version-history":[{"count":20,"href":"https:\/\/www.gudahagen.se\/index.php?rest_route=\/wp\/v2\/pages\/398\/revisions"}],"predecessor-version":[{"id":3847,"href":"https:\/\/www.gudahagen.se\/index.php?rest_route=\/wp\/v2\/pages\/398\/revisions\/3847"}],"wp:attachment":[{"href":"https:\/\/www.gudahagen.se\/index.php?rest_route=%2Fwp%2Fv2%2Fmedia&parent=398"}],"curies":[{"name":"wp","href":"https:\/\/api.w.org\/{rel}","templated":true}]}}