{"id":3940,"date":"2026-03-29T21:30:10","date_gmt":"2026-03-29T19:30:10","guid":{"rendered":"https:\/\/www.gudahagen.se\/?page_id=3940"},"modified":"2026-04-04T20:15:21","modified_gmt":"2026-04-04T18:15:21","slug":"deltagaranmalan-2026","status":"publish","type":"page","link":"https:\/\/www.gudahagen.se\/?page_id=3940","title":{"rendered":"Deltagaranm\u00e4lan 2026"},"content":{"rendered":"\n<p class=\"MsoNormal\">Hej alla fantastiska deltagare!<\/p>\n\n\n\n<p class=\"MsoNormal\">&nbsp;<\/p>\n\n\n\n<p class=\"MsoNormal\">Nu \u00e4r anm\u00e4lan \u00f6ppen till Gudahagens Vikingamarknad 19-20 September 2026 och vi ser verkligen fram emot att skapa n\u00e5got magiskt tillsammans med er!<\/p>\n\n\n\n<ul class=\"wp-block-list\">\n<li>Ni som <strong>endast vill bo<\/strong> p\u00e5 marknaden anm\u00e4ler er via ett <strong>separat formul\u00e4r<\/strong><\/li>\n\n\n\n<li>Tillh\u00f6r ni en klan s\u00e5 utser ni en kontaktperson som vi kan n\u00e5 vid behov. Denna person f\u00e5r g\u00e5 &amp; h\u00e4mta sin klanmedlem vid ing\u00e5ngen om ni ej kommer i samlad trupp. Medlemmen f\u00e5r sj\u00e4lv ringa sin h\u00f6vding innan denne anl\u00e4nder till Gudahagen f\u00f6r ett s\u00e5 smidigt insl\u00e4pp som m\u00f6jligt.<\/li>\n\n\n\n<li>Beh\u00f6ver du komplettera\/\u00e4ndra i er anm\u00e4lan? Skicka d\u00e5 ett mejl till social@gudahagen <strong>skicka ej<\/strong> in en ny anm\u00e4lan<\/li>\n\n\n\n<li>F\u00f6r att det inte ska bli missf\u00f6rst\u00e5nd n\u00e4r ni \u00e4r p\u00e5 plats &#8211; var noggrann i er anm\u00e4lan om ni ska visa\/l\u00e5ta bes\u00f6kare prova varor ni s\u00e4ljer tex pilb\u00e5ge<\/li>\n\n\n\n<li>Fakturan kommer i separat mejl tillsammans med Vikingareglerna. Om fakturan ej \u00e4r betald vid f\u00f6rfallodatum \u00f6verl\u00e5ts platsen<\/li>\n<\/ul>\n\n\n\n<p class=\"MsoListParagraphCxSpLast\">&nbsp;<\/p>\n\n\n\n<p>Matf\u00f6rs\u00e4ljare 4000:-<\/p>\n\n\n\n<p>Endagutst\u00e4llare 3000:-&nbsp;&nbsp;<\/p>\n\n\n\n<p>F\u00f6rs\u00e4ljare\/hantverkare 500:-<\/p>\n\n\n\n<p>Hantverkare &#8211; \u00e4r huvudsaken att visa upp hur man g\u00f6r\/prova p\u00e5 hantverksteknik &#8211; ingen avgift <\/p>\n\n\n\n<p>Boendeavgift 200:-\/person \u00f6ver 15\u00e5r<\/p>\n\n\n\n<p class=\"MsoNormal\"><br \/><strong>ANM\u00c4LAN ST\u00c4NGS N\u00c4R DET \u00c4R FULLT. ALLTS\u00c5 F\u00d6RST TILL KVARN. Dock SENAST 31\/7<\/strong><\/p>\n\n\n\n<p class=\"MsoNormal\">&nbsp;<\/p>\n\n\n\n<p class=\"MsoNormal\">Vid fr\u00e5gor kontakta <strong>social@gudahagen.se<\/strong><\/p>\n\n\n\n<p class=\"MsoNormal\">Varma h\u00e4lsningar,<\/p>\n\n\n\n<p class=\"MsoNormal\">Fornf\u00f6reningen Gudahagen<\/p>\n\n\n\n<p><\/p>\n\n\n\n<p><a href=\"https:\/\/docs.google.com\/forms\/d\/e\/1FAIpQLSdNSJpF6OOsPU4JmNQMLRDWV1fyyKWuINcEKXXwjr3uiOygxA\/viewform\">Deltagaranm\u00e4lan HANTVERKARE\/F\u00d6RS\u00c4LJARE<\/a><\/p>\n\n\n\n<p><\/p>\n\n\n\n<p><a href=\"https:\/\/docs.google.com\/forms\/d\/e\/1FAIpQLSemGpsXZOxqgYPw3OL3PO9livB4HK_c-gEp4jqeRlZctCxqrw\/viewform\">Deltagaranm\u00e4lan BOENDE<\/a><\/p>\n\n\n\n<p><\/p>\n","protected":false},"excerpt":{"rendered":"<p>Hej alla fantastiska deltagare! &nbsp; Nu \u00e4r anm\u00e4lan \u00f6ppen till Gudahagens Vikingamarknad 19-20 September 2026 och vi ser verkligen fram emot att skapa n\u00e5got magiskt tillsammans med er! &nbsp; Matf\u00f6rs\u00e4ljare 4000:- Endagutst\u00e4llare 3000:-&nbsp;&nbsp; F\u00f6rs\u00e4ljare\/hantverkare 500:- Hantverkare &#8211; \u00e4r huvudsaken att &hellip; <a href=\"https:\/\/www.gudahagen.se\/?page_id=3940\">Forts\u00e4tt l\u00e4sa <span class=\"meta-nav\">&rarr;<\/span><\/a><\/p>\n","protected":false},"author":8,"featured_media":0,"parent":0,"menu_order":0,"comment_status":"closed","ping_status":"closed","template":"","meta":{"ngg_post_thumbnail":0,"footnotes":""},"class_list":["post-3940","page","type-page","status-publish","hentry"],"_links":{"self":[{"href":"https:\/\/www.gudahagen.se\/index.php?rest_route=\/wp\/v2\/pages\/3940","targetHints":{"allow":["GET"]}}],"collection":[{"href":"https:\/\/www.gudahagen.se\/index.php?rest_route=\/wp\/v2\/pages"}],"about":[{"href":"https:\/\/www.gudahagen.se\/index.php?rest_route=\/wp\/v2\/types\/page"}],"author":[{"embeddable":true,"href":"https:\/\/www.gudahagen.se\/index.php?rest_route=\/wp\/v2\/users\/8"}],"replies":[{"embeddable":true,"href":"https:\/\/www.gudahagen.se\/index.php?rest_route=%2Fwp%2Fv2%2Fcomments&post=3940"}],"version-history":[{"count":5,"href":"https:\/\/www.gudahagen.se\/index.php?rest_route=\/wp\/v2\/pages\/3940\/revisions"}],"predecessor-version":[{"id":3982,"href":"https:\/\/www.gudahagen.se\/index.php?rest_route=\/wp\/v2\/pages\/3940\/revisions\/3982"}],"wp:attachment":[{"href":"https:\/\/www.gudahagen.se\/index.php?rest_route=%2Fwp%2Fv2%2Fmedia&parent=3940"}],"curies":[{"name":"wp","href":"https:\/\/api.w.org\/{rel}","templated":true}]}}