{"id":3769,"date":"2026-02-03T21:56:46","date_gmt":"2026-02-03T20:56:46","guid":{"rendered":"https:\/\/www.gudahagen.se\/?page_id=3769"},"modified":"2026-02-03T22:26:15","modified_gmt":"2026-02-03T21:26:15","slug":"sociala-medier","status":"publish","type":"page","link":"https:\/\/www.gudahagen.se\/?page_id=3769","title":{"rendered":"Sociala medier"},"content":{"rendered":"\n<p>F\u00f6lj oss p\u00e5 Facebook och Instagram. L\u00e4nk till dessa sidor finns nedan \ud83d\udc47\ud83c\udffb<\/p>\n\n\n\n<p><a href=\"https:\/\/www.facebook.com\/share\/1PVmXPnvGo\/?mibextid=wwXIfr\">https:\/\/www.facebook.com\/share\/1PVmXPnvGo\/?mibextid=wwXIfr<\/a><\/p>\n\n\n\n<p><a href=\"https:\/\/www.instagram.com\/gudahagen?igsh=MXVlc3VlaXV6Mm5zNw%3D%3D&amp;utm_source=qr\">https:\/\/www.instagram.com\/gudahagen?igsh=MXVlc3VlaXV6Mm5zNw%3D%3D&amp;utm_source=qr<\/a><\/p>\n\n\n\n<p><\/p>\n","protected":false},"excerpt":{"rendered":"<p>F\u00f6lj oss p\u00e5 Facebook och Instagram. L\u00e4nk till dessa sidor finns nedan \ud83d\udc47\ud83c\udffb https:\/\/www.facebook.com\/share\/1PVmXPnvGo\/?mibextid=wwXIfr https:\/\/www.instagram.com\/gudahagen?igsh=MXVlc3VlaXV6Mm5zNw%3D%3D&amp;utm_source=qr<\/p>\n","protected":false},"author":8,"featured_media":0,"parent":0,"menu_order":0,"comment_status":"closed","ping_status":"closed","template":"","meta":{"ngg_post_thumbnail":0,"footnotes":""},"class_list":["post-3769","page","type-page","status-publish","hentry"],"_links":{"self":[{"href":"https:\/\/www.gudahagen.se\/index.php?rest_route=\/wp\/v2\/pages\/3769","targetHints":{"allow":["GET"]}}],"collection":[{"href":"https:\/\/www.gudahagen.se\/index.php?rest_route=\/wp\/v2\/pages"}],"about":[{"href":"https:\/\/www.gudahagen.se\/index.php?rest_route=\/wp\/v2\/types\/page"}],"author":[{"embeddable":true,"href":"https:\/\/www.gudahagen.se\/index.php?rest_route=\/wp\/v2\/users\/8"}],"replies":[{"embeddable":true,"href":"https:\/\/www.gudahagen.se\/index.php?rest_route=%2Fwp%2Fv2%2Fcomments&post=3769"}],"version-history":[{"count":2,"href":"https:\/\/www.gudahagen.se\/index.php?rest_route=\/wp\/v2\/pages\/3769\/revisions"}],"predecessor-version":[{"id":3778,"href":"https:\/\/www.gudahagen.se\/index.php?rest_route=\/wp\/v2\/pages\/3769\/revisions\/3778"}],"wp:attachment":[{"href":"https:\/\/www.gudahagen.se\/index.php?rest_route=%2Fwp%2Fv2%2Fmedia&parent=3769"}],"curies":[{"name":"wp","href":"https:\/\/api.w.org\/{rel}","templated":true}]}}