{"id":1976,"date":"2018-09-04T16:57:53","date_gmt":"2018-09-04T14:57:53","guid":{"rendered":"https:\/\/www.gudahagen.se\/?page_id=1976"},"modified":"2026-01-24T22:27:48","modified_gmt":"2026-01-24T21:27:48","slug":"marknaden","status":"publish","type":"page","link":"https:\/\/www.gudahagen.se\/?page_id=1976","title":{"rendered":"Marknaden"},"content":{"rendered":"<p><b>V\u00e4lkommen till Gudahagens Vikingamarknad <\/b><\/p>\n<p><a href=\"https:\/\/www.gudahagen.se\/wp-content\/uploads\/2015\/09\/Facebook-20150911-105124.jpg\"><img loading=\"lazy\" decoding=\"async\" src=\"https:\/\/www.gudahagen.se\/wp-content\/uploads\/2015\/09\/Facebook-20150911-105124.jpg\" class=\"aligncenter size-full wp-image-623\" alt=\"\" width=\"2048\" height=\"1365\" srcset=\"https:\/\/www.gudahagen.se\/wp-content\/uploads\/2015\/09\/Facebook-20150911-105124.jpg 2048w, https:\/\/www.gudahagen.se\/wp-content\/uploads\/2015\/09\/Facebook-20150911-105124-300x200.jpg 300w, https:\/\/www.gudahagen.se\/wp-content\/uploads\/2015\/09\/Facebook-20150911-105124-1024x683.jpg 1024w, https:\/\/www.gudahagen.se\/wp-content\/uploads\/2015\/09\/Facebook-20150911-105124-450x300.jpg 450w\" sizes=\"auto, (max-width: 2048px) 100vw, 2048px\" \/><\/a><\/p>\n<p>Fornf\u00f6reningen Gudahagen h\u00e4lsar dig v\u00e4lkommen till en vikingatida h\u00f6stmarknad p\u00e5 det fantastiska Gudahagen utanf\u00f6r N\u00e4sum. Gudahagens Vikingamarknad utspelar sig i slutet av vikingatiden. S\u00e5ng och musik h\u00f6rs \u00f6ver trakten och p\u00e5 marknadsplatsen ordnas det vikingatida lekar och t\u00e4vlingar. K\u00e4mpar visar upp sin stridsteknik och ridande vikingar t\u00e4vlar och visar upp sina h\u00e4star. P\u00e5 omr\u00e5det har k\u00f6pm\u00e4n och hantverkare slagit upp sina t\u00e4lt och st\u00e5nd f\u00f6r att visa fram sitt hantverk och s\u00e4lja sina varor. V\u00e5rt m\u00e5l \u00e4r att Gudahagens Vikingamarknad ska efterlikna ett marknadsomr\u00e5de fr\u00e5n slutet av 1000-talet. Tanken \u00e4r att det ska ge en tidsenlig k\u00e4nsla och att bes\u00f6kare och utst\u00e4llare ska f\u00e5 uppleva hur det skulle kunna varit under Vikingatiden. Ett angr\u00e4nsat omr\u00e5de av medeltida inslag finnes<\/p>\n<h5><strong>Intr\u00e4de<\/strong><br \/>\n<strong>Vuxna 100:-<\/strong><br \/>\n<strong>Barn 50:-<\/strong><br \/>\n<strong>Barn under 1 meter gratis.<\/strong><\/h5>\n<h5><strong>Tidsenligt kl\u00e4dda g\u00e5r in f\u00f6r halva priset<\/strong><\/h5>\n<h5><strong>Fri parkering<\/strong><\/h5>\n<p><strong>Hundar \u00e4r v\u00e4lkomna, om dom h\u00e5lls kopplade och du plockar upp efter din hund.<\/strong><\/p>\n<p><strong>Vi tar Swish och kontanter i intr\u00e4det<\/strong><\/p>\n<p><strong>M\u00e5nga hantverkare\/f\u00f6rs\u00e4ljare tar Swish och kontanter. De utl\u00e4ndska f\u00f6redrar Kontanter. Ett f\u00e5tal tar \u00e4ven kortbetalning.<\/strong><\/p>\n","protected":false},"excerpt":{"rendered":"<p>V\u00e4lkommen till Gudahagens Vikingamarknad Fornf\u00f6reningen Gudahagen h\u00e4lsar dig v\u00e4lkommen till en vikingatida h\u00f6stmarknad p\u00e5 det fantastiska Gudahagen utanf\u00f6r N\u00e4sum. Gudahagens Vikingamarknad utspelar sig i slutet av vikingatiden. S\u00e5ng och musik h\u00f6rs \u00f6ver trakten och p\u00e5 marknadsplatsen ordnas det vikingatida lekar &hellip; <a href=\"https:\/\/www.gudahagen.se\/?page_id=1976\">Forts\u00e4tt l\u00e4sa <span class=\"meta-nav\">&rarr;<\/span><\/a><\/p>\n","protected":false},"author":2,"featured_media":0,"parent":0,"menu_order":1,"comment_status":"closed","ping_status":"closed","template":"","meta":{"ngg_post_thumbnail":0,"footnotes":""},"class_list":["post-1976","page","type-page","status-publish","hentry"],"_links":{"self":[{"href":"https:\/\/www.gudahagen.se\/index.php?rest_route=\/wp\/v2\/pages\/1976","targetHints":{"allow":["GET"]}}],"collection":[{"href":"https:\/\/www.gudahagen.se\/index.php?rest_route=\/wp\/v2\/pages"}],"about":[{"href":"https:\/\/www.gudahagen.se\/index.php?rest_route=\/wp\/v2\/types\/page"}],"author":[{"embeddable":true,"href":"https:\/\/www.gudahagen.se\/index.php?rest_route=\/wp\/v2\/users\/2"}],"replies":[{"embeddable":true,"href":"https:\/\/www.gudahagen.se\/index.php?rest_route=%2Fwp%2Fv2%2Fcomments&post=1976"}],"version-history":[{"count":16,"href":"https:\/\/www.gudahagen.se\/index.php?rest_route=\/wp\/v2\/pages\/1976\/revisions"}],"predecessor-version":[{"id":3750,"href":"https:\/\/www.gudahagen.se\/index.php?rest_route=\/wp\/v2\/pages\/1976\/revisions\/3750"}],"wp:attachment":[{"href":"https:\/\/www.gudahagen.se\/index.php?rest_route=%2Fwp%2Fv2%2Fmedia&parent=1976"}],"curies":[{"name":"wp","href":"https:\/\/api.w.org\/{rel}","templated":true}]}}