{"id":1749,"date":"2016-09-11T15:36:44","date_gmt":"2016-09-11T13:36:44","guid":{"rendered":"http:\/\/www.gudahagen.se\/?page_id=1749"},"modified":"2016-09-11T15:51:21","modified_gmt":"2016-09-11T13:51:21","slug":"fornlamningen","status":"publish","type":"page","link":"https:\/\/www.gudahagen.se\/?page_id=1749","title":{"rendered":"Fornl\u00e4mningen"},"content":{"rendered":"<p><a href=\"https:\/\/www.gudahagen.se\/wp-content\/uploads\/2016\/09\/12038746_10205084137614113_1647522810462446304_o.jpg\"><img loading=\"lazy\" decoding=\"async\" class=\"aligncenter size-full wp-image-1752\" src=\"https:\/\/www.gudahagen.se\/wp-content\/uploads\/2016\/09\/12038746_10205084137614113_1647522810462446304_o.jpg\" alt=\"12038746_10205084137614113_1647522810462446304_o\" width=\"2048\" height=\"1366\" srcset=\"https:\/\/www.gudahagen.se\/wp-content\/uploads\/2016\/09\/12038746_10205084137614113_1647522810462446304_o.jpg 2048w, https:\/\/www.gudahagen.se\/wp-content\/uploads\/2016\/09\/12038746_10205084137614113_1647522810462446304_o-300x200.jpg 300w, https:\/\/www.gudahagen.se\/wp-content\/uploads\/2016\/09\/12038746_10205084137614113_1647522810462446304_o-768x512.jpg 768w, https:\/\/www.gudahagen.se\/wp-content\/uploads\/2016\/09\/12038746_10205084137614113_1647522810462446304_o-1024x683.jpg 1024w, https:\/\/www.gudahagen.se\/wp-content\/uploads\/2016\/09\/12038746_10205084137614113_1647522810462446304_o-450x300.jpg 450w\" sizes=\"auto, (max-width: 2048px) 100vw, 2048px\" \/><\/a><\/p>\n<p><span style=\"color: #000000; font-family: Calibri; font-size: medium;\">Gudahagen \u00e4r bel\u00e4gen i nord\u00f6stra sk\u00e5ne i N\u00e4sums socken. Fram till dags datum \u00e4r inte Gudahagen grundligt unders\u00f6kt. Ingen st\u00f6rre arkeologisk utgr\u00e4vning \u00e4r gjord trots att platsen \u00e4r s\u00e5 gott som unik i hela Sverige. De dateringar och mindre unders\u00f6kningar som gjorts pekar p\u00e5 att Gudahagen varit i bruk sedan den b\u00f6rjade byggas p\u00e5 J\u00e4rn\u00e5ldern runt 400 e Kr fram till omkring \u00e5r 1050 e Kr. <\/span><\/p>\n<p><span style=\"color: #000000; font-family: Calibri; font-size: medium;\">Fornl\u00e4mningen best\u00e5r av en stenlagd rektangel. Rektangeln \u00e4r byggd kring en naturlig h\u00f6jd och p\u00e5 s\u00e5 vis ringas kullens topp in av bautastenar av gr\u00e5berg. F\u00f6rr n\u00e4r Gudahagen byggdes och anv\u00e4ndes gick Iv\u00f6sj\u00f6ns vatten betydligt h\u00f6gre och strandkanten gick d\u00e5 alldeles n\u00e4ra sj\u00e4lva fornl\u00e4mningen. Sidorna p\u00e5 rektangeln m\u00e4ter upp till 50 meter. Fr\u00e5n b\u00f6rjan uppgick stenarna till runt 250 men idag st\u00e5r \u00e5terst\u00e5r endast 95 varav 23 fortfarande st\u00e5r upp. P\u00e5 den s\u00f6dra sidan fanns ocks\u00e5 en f\u00f6rr en g\u00e5ng upp mot stenh\u00e4ngnaden. Rampen ska ha m\u00e4tt cirka 40 meter, varit mellan fyra och fem meter bred och kantats av samma typ av st\u00e5ende stenar. De st\u00e5ende stenarna ska ha st\u00e5tt med inb\u00f6rdes avst\u00e5nd p\u00e5 mellan fem och sju meter. Alla dessa stenar som idag saknas har forslats bort av traktens b\u00f6nder i b\u00f6rjan av 1900 talet n\u00e4r upplysningen n\u00e5tt s\u00e5dan framg\u00e5ng att man inte l\u00e4ngre trodde p\u00e5 trolldom och oknytt. Stenarna har sedan anv\u00e4nts till husgrunder och farstustenar.<\/span><\/p>\n<p><span style=\"color: #000000; font-family: Calibri; font-size: medium;\">Meningarna g\u00e5r is\u00e4r om vad syftet har varit med stenformationen. Kanske har det ocks\u00e5 varit s\u00e5 att \u00e4ndam\u00e5let har f\u00f6r\u00e4ndrats \u00f6ver tiden? Id\u00e9er har framf\u00f6rts att det kan ha handlat om soldyrkan. En annan ide g\u00e5r ut p\u00e5 att det ska ha varit en hednisk offerplats. Det pratas om en n\u00e5got sk\u00e5lformad offersten som stod i nordv\u00e4stra h\u00f6rnet av inh\u00e4gnaden. Denna ska ha spr\u00e4ckts p\u00e5 plats f\u00f6r att forslas bort. En tredje teori \u00e4r att det \u00e4r en gammal hednisk begravningsplats. Denna teori verkar vara den med mest grund d\u00e5 man under den lilla utgr\u00e4vning man gjort p\u00e5 platsen funnit en h\u00e4llkista t\u00e4tad med kalk. Kistan daterades till runt 1050 e Kr. Man har \u00e4ven funnit andra gravar b\u00e5de med br\u00e4nda och obr\u00e4nda lik. Traditionen att br\u00e4nna de d\u00f6da avtog under den sena vikingatiden.<br \/>\nDe flesta forskare \u00e4r \u00f6verens om att stenarna restes under vikingatiden f\u00f6r att visa att marken var helgad och avsedd f\u00f6r begravning av obr\u00e4nda d\u00f6da. N\u00e4r rektangeln byggdes stod redan rampen av sten d\u00e4r och den st\u00e4ngdes d\u00e5 av. Man har i det omr\u00e5det d\u00e4r den skulle st\u00e5tt funnit sp\u00e5r av brandgravar.<\/span><\/p>\n<p><span style=\"color: #000000; font-family: Calibri; font-size: medium;\">\u00a0P\u00e5 platsen just i anslutning till Gudahagen stod Maria kyrka, en gammal tr\u00e4kyrka som br\u00e4ndes till grunden i en anlagd brand. N\u00e4r kyrkan brann rullade den ena klockan fr\u00e5n tornet ner i det n\u00e4rliggande tj\u00e4rret, kallat kyrkekorre. Klockan kunde b\u00e4rgas och sitter idag i N\u00e4sums kyrka. Tr\u00e4sket har idag torkat och inga bevis har hittats som styrker att det skulle beg\u00e5tts offerriter d\u00e4r, \u00e4ven om fantasin \u00e4r eggande. Den andra klockan som satt i tornet st\u00f6rtade ner i den n\u00e4rliggande Holje\u00e5n och har aldrig \u00e5terfunnits. Korre betyder g\u00f6mma p\u00e5 dialekt och Gudahagen var f\u00f6rr k\u00e4nd som kyrkobacke, innan den fick sitt nuvarande tilltal p\u00e5 1930 talet<\/span><\/p>\n<p><span style=\"color: #000000; font-family: Calibri; font-size: medium;\">Kan det ha varit s\u00e5 att det st\u00e5tt ett hednatempel p\u00e5 platsen och att stenh\u00e4gnaden anv\u00e4ndes som gravplats? Vi vet att sj\u00f6n gick mycket l\u00e4ngre upp mot platsen, kanske kunde man segla hela v\u00e4gen fr\u00e5n havet med drakskepp, upp till gudahagen? Vilka var m\u00e4nnen och kvinnorna som tog initiativ till det stora f\u00f6retag det innebar att bygga det? Kan det vara s\u00e5 att n\u00e4r sk\u00e5ne som d\u00e5 tillh\u00f6rde danmark kristnades av Harald Bl\u00e5tand l\u00e4t man riva templet f\u00f6r att bygga en kyrka?<br \/>\nDessa och m\u00e5nga andra fr\u00e5gor kan endast besvaras av ytterligare utgr\u00e4vningar och efterforskningar p\u00e5 en av Sveriges mest unika fornl\u00e4mningar.<\/span><\/p>\n","protected":false},"excerpt":{"rendered":"<p>Gudahagen \u00e4r bel\u00e4gen i nord\u00f6stra sk\u00e5ne i N\u00e4sums socken. Fram till dags datum \u00e4r inte Gudahagen grundligt unders\u00f6kt. Ingen st\u00f6rre arkeologisk utgr\u00e4vning \u00e4r gjord trots att platsen \u00e4r s\u00e5 gott som unik i hela Sverige. De dateringar och mindre unders\u00f6kningar &hellip; <a href=\"https:\/\/www.gudahagen.se\/?page_id=1749\">Forts\u00e4tt l\u00e4sa <span class=\"meta-nav\">&rarr;<\/span><\/a><\/p>\n","protected":false},"author":2,"featured_media":0,"parent":0,"menu_order":0,"comment_status":"closed","ping_status":"closed","template":"","meta":{"ngg_post_thumbnail":0,"footnotes":""},"class_list":["post-1749","page","type-page","status-publish","hentry"],"_links":{"self":[{"href":"https:\/\/www.gudahagen.se\/index.php?rest_route=\/wp\/v2\/pages\/1749","targetHints":{"allow":["GET"]}}],"collection":[{"href":"https:\/\/www.gudahagen.se\/index.php?rest_route=\/wp\/v2\/pages"}],"about":[{"href":"https:\/\/www.gudahagen.se\/index.php?rest_route=\/wp\/v2\/types\/page"}],"author":[{"embeddable":true,"href":"https:\/\/www.gudahagen.se\/index.php?rest_route=\/wp\/v2\/users\/2"}],"replies":[{"embeddable":true,"href":"https:\/\/www.gudahagen.se\/index.php?rest_route=%2Fwp%2Fv2%2Fcomments&post=1749"}],"version-history":[{"count":5,"href":"https:\/\/www.gudahagen.se\/index.php?rest_route=\/wp\/v2\/pages\/1749\/revisions"}],"predecessor-version":[{"id":1755,"href":"https:\/\/www.gudahagen.se\/index.php?rest_route=\/wp\/v2\/pages\/1749\/revisions\/1755"}],"wp:attachment":[{"href":"https:\/\/www.gudahagen.se\/index.php?rest_route=%2Fwp%2Fv2%2Fmedia&parent=1749"}],"curies":[{"name":"wp","href":"https:\/\/api.w.org\/{rel}","templated":true}]}}